{"id":5107,"date":"2025-05-05T17:24:02","date_gmt":"2025-05-05T15:24:02","guid":{"rendered":"https:\/\/palazzovitturi.com\/?page_id=5107"},"modified":"2025-06-06T16:49:52","modified_gmt":"2025-06-06T14:49:52","slug":"dove-siamo","status":"publish","type":"page","link":"https:\/\/palazzovitturi.com\/it\/dove-siamo\/","title":{"rendered":"Dove siamo"},"content":{"rendered":"\t\t<div data-elementor-type=\"wp-page\" data-elementor-id=\"5107\" class=\"elementor elementor-5107\" data-elementor-post-type=\"page\">\n\t\t\t\t<div class=\"has_eae_slider elementor-element elementor-element-317b2313 e-flex e-con-boxed e-con e-parent\" data-eae-slider=\"3790\" data-id=\"317b2313\" data-element_type=\"container\" data-e-type=\"container\">\n\t\t\t\t\t<div class=\"e-con-inner\">\n\t\t\t\t<div class=\"elementor-element elementor-element-0c940a5 elementor-widget elementor-widget-heading\" data-id=\"0c940a5\" data-element_type=\"widget\" data-e-type=\"widget\" data-widget_type=\"heading.default\">\n\t\t\t\t<div class=\"elementor-widget-container\">\n\t\t\t\t\t<h1 class=\"elementor-heading-title elementor-size-default\">Vivi Venezia da Palazzo Vitturi<\/h1>\t\t\t\t<\/div>\n\t\t\t\t<\/div>\n\t\t\t\t<div class=\"elementor-element elementor-element-f422df5 elementor-widget elementor-widget-text-editor\" data-id=\"f422df5\" data-element_type=\"widget\" data-e-type=\"widget\" data-widget_type=\"text-editor.default\">\n\t\t\t\t<div class=\"elementor-widget-container\">\n\t\t\t\t\t\t\t\t\t<p>Soggiornare al <strong>Palazzo Vitturi<\/strong> significa immergersi nella Venezia pi\u00f9 autentica, circondati dal fascino discreto di <strong>Campo Santa Maria Formosa<\/strong> e dalla magia dei luoghi pi\u00f9 straordinari della citt\u00e0.<\/p>\t\t\t\t\t\t\t\t<\/div>\n\t\t\t\t<\/div>\n\t\t\t\t\t<\/div>\n\t\t\t\t<\/div>\n\t\t<div class=\"has_eae_slider elementor-element elementor-element-65df25dd e-flex e-con-boxed e-con e-parent\" data-eae-slider=\"27589\" data-id=\"65df25dd\" data-element_type=\"container\" data-e-type=\"container\">\n\t\t\t\t\t<div class=\"e-con-inner\">\n\t\t<div class=\"has_eae_slider elementor-element elementor-element-173da5a e-con-full e-flex e-con e-child\" data-eae-slider=\"75356\" data-id=\"173da5a\" data-element_type=\"container\" data-e-type=\"container\">\n\t\t\t\t<div class=\"elementor-element elementor-element-3d7a9ae elementor-widget elementor-widget-image\" data-id=\"3d7a9ae\" data-element_type=\"widget\" data-e-type=\"widget\" data-widget_type=\"image.default\">\n\t\t\t\t<div class=\"elementor-widget-container\">\n\t\t\t\t\t\t\t\t\t\t\t\t\t\t\t<img fetchpriority=\"high\" decoding=\"async\" width=\"1620\" height=\"1080\" src=\"https:\/\/palazzovitturi.com\/wp-content\/uploads\/2024\/11\/Corsa-giocosa-in-una-via-italiana.webp\" class=\"attachment-full size-full wp-image-2722\" alt=\"Bambino e adulto corrono in strada veneziana.\" srcset=\"https:\/\/palazzovitturi.com\/wp-content\/uploads\/2024\/11\/Corsa-giocosa-in-una-via-italiana.webp 1620w, https:\/\/palazzovitturi.com\/wp-content\/uploads\/2024\/11\/Corsa-giocosa-in-una-via-italiana-300x200.webp 300w, https:\/\/palazzovitturi.com\/wp-content\/uploads\/2024\/11\/Corsa-giocosa-in-una-via-italiana-1024x683.webp 1024w, https:\/\/palazzovitturi.com\/wp-content\/uploads\/2024\/11\/Corsa-giocosa-in-una-via-italiana-768x512.webp 768w, https:\/\/palazzovitturi.com\/wp-content\/uploads\/2024\/11\/Corsa-giocosa-in-una-via-italiana-1536x1024.webp 1536w\" sizes=\"(max-width: 1620px) 100vw, 1620px\" \/>\t\t\t\t\t\t\t\t\t\t\t\t\t\t\t<\/div>\n\t\t\t\t<\/div>\n\t\t\t\t<\/div>\n\t\t<div class=\"has_eae_slider elementor-element elementor-element-9c731f5 e-con-full e-flex e-con e-child\" data-eae-slider=\"18522\" data-id=\"9c731f5\" data-element_type=\"container\" data-e-type=\"container\">\n\t\t\t\t<div class=\"elementor-element elementor-element-daeddb9 elementor-widget elementor-widget-heading\" data-id=\"daeddb9\" data-element_type=\"widget\" data-e-type=\"widget\" data-widget_type=\"heading.default\">\n\t\t\t\t<div class=\"elementor-widget-container\">\n\t\t\t\t\t<h2 class=\"elementor-heading-title elementor-size-default\">Cose fantastiche da vedere a pochi passi:<\/h2>\t\t\t\t<\/div>\n\t\t\t\t<\/div>\n\t\t\t\t<div class=\"elementor-element elementor-element-75679a5 elementor-widget elementor-widget-html\" data-id=\"75679a5\" data-element_type=\"widget\" data-e-type=\"widget\" data-widget_type=\"html.default\">\n\t\t\t\t<div class=\"elementor-widget-container\">\n\t\t\t\t\t<ul>\n<li>Ammirare il <strong>Ponte di Rialto<\/strong> (5 minuti)<\/li>\n<li>Perdersi nella maestosit\u00e0 di <strong>Palazzo Ducale<\/strong> (6 minuti)<\/li>\n<li>Respirare la storia in <strong>Piazza San Marco<\/strong> (7 minuti)<\/li>\n<li>Emozionarsi a teatro al <strong>Teatro La Fenice<\/strong> (10 minuti)<\/li>\n<li>Scoprire capolavori alle <strong>Gallerie dell\u2019Accademia<\/strong> (15 minuti)<\/li>\n<li>Lasciarsi incantare dalla bellezza della <strong>Ca\u2019 d\u2019Oro<\/strong> (8 minuti)<\/li>\n<li>Visitare la splendida <strong>Basilica dei Santi Giovanni e Paolo<\/strong> (5 minuti)<\/li>\n<\/ul>\t\t\t\t<\/div>\n\t\t\t\t<\/div>\n\t\t\t\t<\/div>\n\t\t\t\t\t<\/div>\n\t\t\t\t<\/div>\n\t\t<div class=\"has_eae_slider elementor-element elementor-element-5426e6c3 e-flex e-con-boxed e-con e-parent\" data-eae-slider=\"21242\" data-id=\"5426e6c3\" data-element_type=\"container\" data-e-type=\"container\">\n\t\t\t\t\t<div class=\"e-con-inner\">\n\t\t\t\t<div class=\"elementor-element elementor-element-b531091 elementor-widget elementor-widget-heading\" data-id=\"b531091\" data-element_type=\"widget\" data-e-type=\"widget\" data-widget_type=\"heading.default\">\n\t\t\t\t<div class=\"elementor-widget-container\">\n\t\t\t\t\t<h2 class=\"elementor-heading-title elementor-size-default\">Fermate del vaporetto vicine:<\/h2>\t\t\t\t<\/div>\n\t\t\t\t<\/div>\n\t\t\t\t<div class=\"elementor-element elementor-element-bd63c89 elementor-widget__width-initial elementor-widget elementor-widget-html\" data-id=\"bd63c89\" data-element_type=\"widget\" data-e-type=\"widget\" data-widget_type=\"html.default\">\n\t\t\t\t<div class=\"elementor-widget-container\">\n\t\t\t\t\t<ul>\n<li><strong>Rialto<\/strong> (5\u20137 minuti a piedi)<\/li>\n<li><strong>San Zaccaria<\/strong> (6\u20138 minuti a piedi)<\/li>\n<\/ul>\n\n<p>Dal Palazzo Vitturi, ogni giornata \u00e8 un invito a esplorare: tra meraviglie celebri e angoli segreti, per vivere l\u2019anima pi\u00f9 autentica di Venezia.<\/p>\n\t\t\t\t<\/div>\n\t\t\t\t<\/div>\n\t\t\t\t\t<\/div>\n\t\t\t\t<\/div>\n\t\t<div class=\"has_eae_slider elementor-element elementor-element-75bf03c e-flex e-con-boxed e-con e-parent\" data-eae-slider=\"19135\" data-id=\"75bf03c\" data-element_type=\"container\" data-e-type=\"container\">\n\t\t\t\t\t<div class=\"e-con-inner\">\n\t\t\t\t<div class=\"elementor-element elementor-element-6f86880 elementor-widget elementor-widget-video\" data-id=\"6f86880\" data-element_type=\"widget\" data-e-type=\"widget\" id=\"video-dove-siamo\" data-settings=\"{&quot;video_type&quot;:&quot;hosted&quot;,&quot;autoplay&quot;:&quot;yes&quot;,&quot;mute&quot;:&quot;yes&quot;,&quot;loop&quot;:&quot;yes&quot;,&quot;play_on_mobile&quot;:&quot;yes&quot;}\" data-widget_type=\"video.default\">\n\t\t\t\t<div class=\"elementor-widget-container\">\n\t\t\t\t\t\t\t<div class=\"e-hosted-video elementor-wrapper elementor-open-inline\">\n\t\t\t\t\t<video class=\"elementor-video\" src=\"https:\/\/palazzovitturi.com\/wp-content\/uploads\/2025\/06\/Dove-siamo.mp4\" autoplay=\"\" loop=\"\" muted=\"muted\" playsinline=\"\" controlsList=\"nodownload\"><\/video>\n\t\t\t\t<\/div>\n\t\t\t\t\t\t<\/div>\n\t\t\t\t<\/div>\n\t\t\t\t\t<\/div>\n\t\t\t\t<\/div>\n\t\t\t\t<\/div>\n\t\t","protected":false},"excerpt":{"rendered":"<p>Vivi Venezia da Palazzo Vitturi Soggiornare al Palazzo Vitturi significa immergersi nella Venezia pi\u00f9 autentica, circondati dal fascino discreto di Campo Santa Maria Formosa e dalla magia dei luoghi pi\u00f9 straordinari della citt\u00e0. Cose fantastiche da vedere a pochi passi: Ammirare il Ponte di Rialto (5 minuti) Perdersi nella maestosit\u00e0 di Palazzo Ducale (6 minuti) [&hellip;]<\/p>\n","protected":false},"author":1,"featured_media":2780,"parent":0,"menu_order":0,"comment_status":"closed","ping_status":"closed","template":"","meta":{"_acf_changed":false,"footnotes":""},"class_list":["post-5107","page","type-page","status-publish","has-post-thumbnail","hentry"],"acf":[],"yoast_head":"<!-- This site is optimized with the Yoast SEO plugin v26.9 - https:\/\/yoast.com\/product\/yoast-seo-wordpress\/ -->\n<title>Dove siamo | Palazzo Vitturi<\/title>\n<meta name=\"robots\" content=\"index, follow, max-snippet:-1, max-image-preview:large, max-video-preview:-1\" \/>\n<link rel=\"canonical\" href=\"https:\/\/palazzovitturi.com\/it\/dove-siamo\/\" \/>\n<meta property=\"og:locale\" content=\"it_IT\" \/>\n<meta property=\"og:type\" content=\"article\" \/>\n<meta property=\"og:title\" content=\"Dove siamo | Palazzo Vitturi\" \/>\n<meta property=\"og:description\" content=\"Vivi Venezia da Palazzo Vitturi Soggiornare al Palazzo Vitturi significa immergersi nella Venezia pi\u00f9 autentica, circondati dal fascino discreto di Campo Santa Maria Formosa e dalla magia dei luoghi pi\u00f9 straordinari della citt\u00e0. Cose fantastiche da vedere a pochi passi: Ammirare il Ponte di Rialto (5 minuti) Perdersi nella maestosit\u00e0 di Palazzo Ducale (6 minuti) [&hellip;]\" \/>\n<meta property=\"og:url\" content=\"https:\/\/palazzovitturi.com\/it\/dove-siamo\/\" \/>\n<meta property=\"og:site_name\" content=\"Palazzo Vitturi\" \/>\n<meta property=\"article:modified_time\" content=\"2025-06-06T14:49:52+00:00\" \/>\n<meta property=\"og:image\" content=\"https:\/\/palazzovitturi.com\/wp-content\/uploads\/2024\/11\/Venezia-dallalto-al-tramonto.webp\" \/>\n\t<meta property=\"og:image:width\" content=\"1920\" \/>\n\t<meta property=\"og:image:height\" content=\"1080\" \/>\n\t<meta property=\"og:image:type\" content=\"image\/webp\" \/>\n<meta name=\"twitter:card\" content=\"summary_large_image\" \/>\n<meta name=\"twitter:label1\" content=\"Tempo di lettura stimato\" \/>\n\t<meta name=\"twitter:data1\" content=\"1 minuto\" \/>\n<script type=\"application\/ld+json\" class=\"yoast-schema-graph\">{\"@context\":\"https:\/\/schema.org\",\"@graph\":[{\"@type\":\"WebPage\",\"@id\":\"https:\/\/palazzovitturi.com\/it\/dove-siamo\/\",\"url\":\"https:\/\/palazzovitturi.com\/it\/dove-siamo\/\",\"name\":\"Dove siamo | Palazzo Vitturi\",\"isPartOf\":{\"@id\":\"https:\/\/palazzovitturi.com\/it\/#website\"},\"primaryImageOfPage\":{\"@id\":\"https:\/\/palazzovitturi.com\/it\/dove-siamo\/#primaryimage\"},\"image\":{\"@id\":\"https:\/\/palazzovitturi.com\/it\/dove-siamo\/#primaryimage\"},\"thumbnailUrl\":\"https:\/\/palazzovitturi.com\/wp-content\/uploads\/2024\/11\/Venezia-dallalto-al-tramonto.webp\",\"datePublished\":\"2025-05-05T15:24:02+00:00\",\"dateModified\":\"2025-06-06T14:49:52+00:00\",\"breadcrumb\":{\"@id\":\"https:\/\/palazzovitturi.com\/it\/dove-siamo\/#breadcrumb\"},\"inLanguage\":\"it-IT\",\"potentialAction\":[{\"@type\":\"ReadAction\",\"target\":[\"https:\/\/palazzovitturi.com\/it\/dove-siamo\/\"]}]},{\"@type\":\"ImageObject\",\"inLanguage\":\"it-IT\",\"@id\":\"https:\/\/palazzovitturi.com\/it\/dove-siamo\/#primaryimage\",\"url\":\"https:\/\/palazzovitturi.com\/wp-content\/uploads\/2024\/11\/Venezia-dallalto-al-tramonto.webp\",\"contentUrl\":\"https:\/\/palazzovitturi.com\/wp-content\/uploads\/2024\/11\/Venezia-dallalto-al-tramonto.webp\",\"width\":1920,\"height\":1080,\"caption\":\"Venezia dall'alto al tramonto\"},{\"@type\":\"BreadcrumbList\",\"@id\":\"https:\/\/palazzovitturi.com\/it\/dove-siamo\/#breadcrumb\",\"itemListElement\":[{\"@type\":\"ListItem\",\"position\":1,\"name\":\"Home\",\"item\":\"https:\/\/palazzovitturi.com\/it\/\"},{\"@type\":\"ListItem\",\"position\":2,\"name\":\"Dove siamo\"}]},{\"@type\":\"WebSite\",\"@id\":\"https:\/\/palazzovitturi.com\/it\/#website\",\"url\":\"https:\/\/palazzovitturi.com\/it\/\",\"name\":\"Palazzo Vitturi\",\"description\":\"\",\"potentialAction\":[{\"@type\":\"SearchAction\",\"target\":{\"@type\":\"EntryPoint\",\"urlTemplate\":\"https:\/\/palazzovitturi.com\/it\/?s={search_term_string}\"},\"query-input\":{\"@type\":\"PropertyValueSpecification\",\"valueRequired\":true,\"valueName\":\"search_term_string\"}}],\"inLanguage\":\"it-IT\"}]}<\/script>\n<!-- \/ Yoast SEO plugin. -->","yoast_head_json":{"title":"Dove siamo | Palazzo Vitturi","robots":{"index":"index","follow":"follow","max-snippet":"max-snippet:-1","max-image-preview":"max-image-preview:large","max-video-preview":"max-video-preview:-1"},"canonical":"https:\/\/palazzovitturi.com\/it\/dove-siamo\/","og_locale":"it_IT","og_type":"article","og_title":"Dove siamo | Palazzo Vitturi","og_description":"Vivi Venezia da Palazzo Vitturi Soggiornare al Palazzo Vitturi significa immergersi nella Venezia pi\u00f9 autentica, circondati dal fascino discreto di Campo Santa Maria Formosa e dalla magia dei luoghi pi\u00f9 straordinari della citt\u00e0. Cose fantastiche da vedere a pochi passi: Ammirare il Ponte di Rialto (5 minuti) Perdersi nella maestosit\u00e0 di Palazzo Ducale (6 minuti) [&hellip;]","og_url":"https:\/\/palazzovitturi.com\/it\/dove-siamo\/","og_site_name":"Palazzo Vitturi","article_modified_time":"2025-06-06T14:49:52+00:00","og_image":[{"width":1920,"height":1080,"url":"https:\/\/palazzovitturi.com\/wp-content\/uploads\/2024\/11\/Venezia-dallalto-al-tramonto.webp","type":"image\/webp"}],"twitter_card":"summary_large_image","twitter_misc":{"Tempo di lettura stimato":"1 minuto"},"schema":{"@context":"https:\/\/schema.org","@graph":[{"@type":"WebPage","@id":"https:\/\/palazzovitturi.com\/it\/dove-siamo\/","url":"https:\/\/palazzovitturi.com\/it\/dove-siamo\/","name":"Dove siamo | Palazzo Vitturi","isPartOf":{"@id":"https:\/\/palazzovitturi.com\/it\/#website"},"primaryImageOfPage":{"@id":"https:\/\/palazzovitturi.com\/it\/dove-siamo\/#primaryimage"},"image":{"@id":"https:\/\/palazzovitturi.com\/it\/dove-siamo\/#primaryimage"},"thumbnailUrl":"https:\/\/palazzovitturi.com\/wp-content\/uploads\/2024\/11\/Venezia-dallalto-al-tramonto.webp","datePublished":"2025-05-05T15:24:02+00:00","dateModified":"2025-06-06T14:49:52+00:00","breadcrumb":{"@id":"https:\/\/palazzovitturi.com\/it\/dove-siamo\/#breadcrumb"},"inLanguage":"it-IT","potentialAction":[{"@type":"ReadAction","target":["https:\/\/palazzovitturi.com\/it\/dove-siamo\/"]}]},{"@type":"ImageObject","inLanguage":"it-IT","@id":"https:\/\/palazzovitturi.com\/it\/dove-siamo\/#primaryimage","url":"https:\/\/palazzovitturi.com\/wp-content\/uploads\/2024\/11\/Venezia-dallalto-al-tramonto.webp","contentUrl":"https:\/\/palazzovitturi.com\/wp-content\/uploads\/2024\/11\/Venezia-dallalto-al-tramonto.webp","width":1920,"height":1080,"caption":"Venezia dall'alto al tramonto"},{"@type":"BreadcrumbList","@id":"https:\/\/palazzovitturi.com\/it\/dove-siamo\/#breadcrumb","itemListElement":[{"@type":"ListItem","position":1,"name":"Home","item":"https:\/\/palazzovitturi.com\/it\/"},{"@type":"ListItem","position":2,"name":"Dove siamo"}]},{"@type":"WebSite","@id":"https:\/\/palazzovitturi.com\/it\/#website","url":"https:\/\/palazzovitturi.com\/it\/","name":"Palazzo Vitturi","description":"","potentialAction":[{"@type":"SearchAction","target":{"@type":"EntryPoint","urlTemplate":"https:\/\/palazzovitturi.com\/it\/?s={search_term_string}"},"query-input":{"@type":"PropertyValueSpecification","valueRequired":true,"valueName":"search_term_string"}}],"inLanguage":"it-IT"}]}},"_links":{"self":[{"href":"https:\/\/palazzovitturi.com\/it\/wp-json\/wp\/v2\/pages\/5107","targetHints":{"allow":["GET"]}}],"collection":[{"href":"https:\/\/palazzovitturi.com\/it\/wp-json\/wp\/v2\/pages"}],"about":[{"href":"https:\/\/palazzovitturi.com\/it\/wp-json\/wp\/v2\/types\/page"}],"author":[{"embeddable":true,"href":"https:\/\/palazzovitturi.com\/it\/wp-json\/wp\/v2\/users\/1"}],"replies":[{"embeddable":true,"href":"https:\/\/palazzovitturi.com\/it\/wp-json\/wp\/v2\/comments?post=5107"}],"version-history":[{"count":0,"href":"https:\/\/palazzovitturi.com\/it\/wp-json\/wp\/v2\/pages\/5107\/revisions"}],"wp:featuredmedia":[{"embeddable":true,"href":"https:\/\/palazzovitturi.com\/it\/wp-json\/wp\/v2\/media\/2780"}],"wp:attachment":[{"href":"https:\/\/palazzovitturi.com\/it\/wp-json\/wp\/v2\/media?parent=5107"}],"curies":[{"name":"wp","href":"https:\/\/api.w.org\/{rel}","templated":true}]}}